{"id":13,"date":"2022-05-16T13:52:51","date_gmt":"2022-05-16T11:52:51","guid":{"rendered":"https:\/\/www.pokapok.org\/?page_id=13"},"modified":"2023-10-18T10:41:01","modified_gmt":"2023-10-18T08:41:01","slug":"notre-equipe","status":"publish","type":"page","link":"https:\/\/www.pokapok.org\/index.php\/notre-equipe\/","title":{"rendered":"Notre \u00e9quipe"},"content":{"rendered":"\t\t<div data-elementor-type=\"wp-page\" data-elementor-id=\"13\" class=\"elementor elementor-13\">\n\t\t\t\t\t\t<section class=\"elementor-section elementor-top-section elementor-element elementor-element-711a3fd elementor-section-full_width elementor-section-height-default elementor-section-height-default elementor-invisible\" data-id=\"711a3fd\" data-element_type=\"section\" data-settings=\"{&quot;animation&quot;:&quot;fadeIn&quot;}\">\n\t\t\t\t\t\t<div class=\"elementor-container elementor-column-gap-default\">\n\t\t\t\t\t<div class=\"elementor-column elementor-col-100 elementor-top-column elementor-element elementor-element-c9e4908\" data-id=\"c9e4908\" data-element_type=\"column\">\n\t\t\t<div class=\"elementor-widget-wrap elementor-element-populated\">\n\t\t\t\t\t\t<div class=\"elementor-element elementor-element-7597f06 elementor-tabs-view-vertical elementor-widget__width-inherit elementor-widget elementor-widget-tabs\" data-id=\"7597f06\" data-element_type=\"widget\" data-widget_type=\"tabs.default\">\n\t\t\t\t<div class=\"elementor-widget-container\">\n\t\t\t\t\t\t\t<div class=\"elementor-tabs\">\n\t\t\t<div class=\"elementor-tabs-wrapper\" role=\"tablist\" >\n\t\t\t\t\t\t\t\t\t<div id=\"elementor-tab-title-1231\" class=\"elementor-tab-title elementor-tab-desktop-title\" aria-selected=\"true\" data-tab=\"1\" role=\"tab\" tabindex=\"0\" aria-controls=\"elementor-tab-content-1231\" aria-expanded=\"false\">J\u00e9r\u00f4me Gourrion<\/div>\n\t\t\t\t\t\t\t\t\t<div id=\"elementor-tab-title-1232\" class=\"elementor-tab-title elementor-tab-desktop-title\" aria-selected=\"false\" data-tab=\"2\" role=\"tab\" tabindex=\"-1\" aria-controls=\"elementor-tab-content-1232\" aria-expanded=\"false\">Delphine Leroy<\/div>\n\t\t\t\t\t\t\t\t\t<div id=\"elementor-tab-title-1233\" class=\"elementor-tab-title elementor-tab-desktop-title\" aria-selected=\"false\" data-tab=\"3\" role=\"tab\" tabindex=\"-1\" aria-controls=\"elementor-tab-content-1233\" aria-expanded=\"false\">Virginie Racap\u00e9<\/div>\n\t\t\t\t\t\t\t\t\t<div id=\"elementor-tab-title-1234\" class=\"elementor-tab-title elementor-tab-desktop-title\" aria-selected=\"false\" data-tab=\"4\" role=\"tab\" tabindex=\"-1\" aria-controls=\"elementor-tab-content-1234\" aria-expanded=\"false\">Cl\u00e9ment Weber<\/div>\n\t\t\t\t\t\t\t\t\t<div id=\"elementor-tab-title-1235\" class=\"elementor-tab-title elementor-tab-desktop-title\" aria-selected=\"false\" data-tab=\"5\" role=\"tab\" tabindex=\"-1\" aria-controls=\"elementor-tab-content-1235\" aria-expanded=\"false\">Alban Sizun<\/div>\n\t\t\t\t\t\t\t\t\t<div id=\"elementor-tab-title-1236\" class=\"elementor-tab-title elementor-tab-desktop-title\" aria-selected=\"false\" data-tab=\"6\" role=\"tab\" tabindex=\"-1\" aria-controls=\"elementor-tab-content-1236\" aria-expanded=\"false\">Yann Reynaud<\/div>\n\t\t\t\t\t\t\t\t\t<div id=\"elementor-tab-title-1237\" class=\"elementor-tab-title elementor-tab-desktop-title\" aria-selected=\"false\" data-tab=\"7\" role=\"tab\" tabindex=\"-1\" aria-controls=\"elementor-tab-content-1237\" aria-expanded=\"false\">Collaborateurs exterieurs<\/div>\n\t\t\t\t\t\t\t\t\t<div id=\"elementor-tab-title-1238\" class=\"elementor-tab-title elementor-tab-desktop-title\" aria-selected=\"false\" data-tab=\"8\" role=\"tab\" tabindex=\"-1\" aria-controls=\"elementor-tab-content-1238\" aria-expanded=\"false\">Anciens Collaborateurs<\/div>\n\t\t\t\t\t\t\t\t\t<div id=\"elementor-tab-title-1239\" class=\"elementor-tab-title elementor-tab-desktop-title\" aria-selected=\"false\" data-tab=\"9\" role=\"tab\" tabindex=\"-1\" aria-controls=\"elementor-tab-content-1239\" aria-expanded=\"false\">Titre de l\u2019onglet<\/div>\n\t\t\t\t\t\t\t<\/div>\n\t\t\t<div class=\"elementor-tabs-content-wrapper\" role=\"tablist\" aria-orientation=\"vertical\">\n\t\t\t\t\t\t\t\t\t<div class=\"elementor-tab-title elementor-tab-mobile-title\" aria-selected=\"true\" data-tab=\"1\" role=\"tab\" tabindex=\"0\" aria-controls=\"elementor-tab-content-1231\" aria-expanded=\"false\">J\u00e9r\u00f4me Gourrion<\/div>\n\t\t\t\t\t<div id=\"elementor-tab-content-1231\" class=\"elementor-tab-content elementor-clearfix\" data-tab=\"1\" role=\"tabpanel\" aria-labelledby=\"elementor-tab-title-1231\" tabindex=\"0\" hidden=\"false\"><p><img fetchpriority=\"high\" decoding=\"async\" class=\"wp-image-1328 size-medium aligncenter\" src=\"https:\/\/www.pokapok.org\/wp-content\/uploads\/2023\/02\/Jerome-modified-300x300.png\" alt=\"\" width=\"300\" height=\"300\" srcset=\"https:\/\/www.pokapok.org\/wp-content\/uploads\/2023\/02\/Jerome-modified-300x300.png 300w, https:\/\/www.pokapok.org\/wp-content\/uploads\/2023\/02\/Jerome-modified-1024x1024.png 1024w, https:\/\/www.pokapok.org\/wp-content\/uploads\/2023\/02\/Jerome-modified-150x150.png 150w, https:\/\/www.pokapok.org\/wp-content\/uploads\/2023\/02\/Jerome-modified-768x768.png 768w, https:\/\/www.pokapok.org\/wp-content\/uploads\/2023\/02\/Jerome-modified-1536x1536.png 1536w, https:\/\/www.pokapok.org\/wp-content\/uploads\/2023\/02\/Jerome-modified-2048x2048.png 2048w, https:\/\/www.pokapok.org\/wp-content\/uploads\/2023\/02\/Jerome-modified-2000x2000.png 2000w\" sizes=\"(max-width: 300px) 100vw, 300px\" \/><\/p><p style=\"text-align: center;\"><a href=\"https:\/\/orcid.org\/0000-0002-8766-5843\" target=\"_blank\" rel=\"noopener\">Orcid<\/a> &#8211; <a href=\"https:\/\/www.pokapok.org\/wp-content\/uploads\/2022\/08\/CV_JeromeGourrion_Sept2021.pdf\" target=\"_blank\" rel=\"noopener\">CV<\/a><\/p><blockquote><p>Si j\u2019ai d\u00e9couvert, jeune adulte, ma passion et mon respect pour la mer \u00e0 travers la d\u00e9couverte de la voile croisi\u00e8re en M\u00e9diterran\u00e9e, c\u2019est en quittant mon Var natal \u00e0 23 ans pour suivre une formation universitaire en Oc\u00e9anographie que j\u2019ai commenc\u00e9 \u00e0 m\u2019investir pleinement dans ce m\u00e9tier. Petit \u00e0 petit, apr\u00e8s de nombreuses phases d\u2019apprentissage (manifestement plus longues que de commun \u2026), j\u2019ai le sentiment depuis quelques ann\u00e9es de m\u2019\u00eatre forg\u00e9 avec le temps une exp\u00e9rience modeste mais solide et vari\u00e9e.<\/p><p>Mes gar\u00e7ons m\u2019ont fait grandir, la vie m\u2019a appris beaucoup et continue \u00e0 le faire; je suis depuis plusieurs ann\u00e9es particuli\u00e8rement int\u00e9ress\u00e9 par les m\u00e9canismes permettant (ou emp\u00eachant) la mise en place de fonctionnement collectif, i.e. d\u2019une conjonction de comportements d\u2019humains, dans le respect et le contr\u00f4le de leurs \u00e9motions, qui peut \u00e9ventuellement aboutir \u00e0 d\u00e9passer les lois de l\u2019arithm\u00e9tique, 1+1 pouvant finalement faire bien plus que 2. Catalyser les \u00e9nergies constructives, d\u00e9construire les injonctions diverses pour mieux reconstruire les fonctionnements inter-individuels, c\u2019est certainement une part importante de ma d\u00e9marche de recherche \u00e0 la fois dans mon travail et dans ma vie sociale quotidienne.<\/p><p>Pour ce qui est du monde du travail, apr\u00e8s une premi\u00e8re tentative avort\u00e9e sur le tard et dans la douleur, nous avons initi\u00e9 avec Virginie un nouveau projet coop\u00e9ratif depuis mi-2021 nomm\u00e9 POKaPOK. Je suis aujourd\u2019hui combl\u00e9 par l\u2019enthousiasme, l\u2019intelligence humaine et l\u2019\u00e9nergie que mes coll\u00e8gues de POKaPOK investissent \u00e0 leur tour dans ce nouveau projet coop\u00e9ratif prometteur dans lequel nous visons \u00e0 fa\u00e7onner notre bien-\u00eatre au travail et \u00e0 d\u00e9cupler modestement notre force productive pour le b\u00e9n\u00e9fice des enjeux environnementaux majeurs de notre \u00e9poque.<\/p><\/blockquote><\/div>\n\t\t\t\t\t\t\t\t\t<div class=\"elementor-tab-title elementor-tab-mobile-title\" aria-selected=\"false\" data-tab=\"2\" role=\"tab\" tabindex=\"-1\" aria-controls=\"elementor-tab-content-1232\" aria-expanded=\"false\">Delphine Leroy<\/div>\n\t\t\t\t\t<div id=\"elementor-tab-content-1232\" class=\"elementor-tab-content elementor-clearfix\" data-tab=\"2\" role=\"tabpanel\" aria-labelledby=\"elementor-tab-title-1232\" tabindex=\"0\" hidden=\"hidden\"><p><img decoding=\"async\" class=\"size-medium wp-image-730 aligncenter\" src=\"https:\/\/www.pokapok.org\/wp-content\/uploads\/2022\/08\/Delphine-300x300.png\" alt=\"\" width=\"300\" height=\"300\" srcset=\"https:\/\/www.pokapok.org\/wp-content\/uploads\/2022\/08\/Delphine-300x300.png 300w, https:\/\/www.pokapok.org\/wp-content\/uploads\/2022\/08\/Delphine-150x150.png 150w, https:\/\/www.pokapok.org\/wp-content\/uploads\/2022\/08\/Delphine.png 500w\" sizes=\"(max-width: 300px) 100vw, 300px\" \/><\/p>\n<p><\/p>\n<p style=\"text-align: center;\"><a href=\"https:\/\/orcid.org\/0000-0002-2949-496X\" target=\"_blank\" rel=\"noopener\">Orcid<\/a> &#8211; <a href=\"https:\/\/www.pokapok.org\/wp-content\/uploads\/2022\/08\/CV-2022-01-Europass_D-Leroy.pdf\" target=\"_blank\" rel=\"noopener\">CV<\/a><\/p>\n<blockquote>\n<p><em>Originaire des volcans d&rsquo;Auvergne, j&rsquo;ai souvent le nez en l\u2019air pour observer les nuages et guetter les conditions propices \u00e0 la pratique d\u2019activit\u00e9s a\u00e9riennes. Logiquement, j\u2019ai ainsi \u00e9tudi\u00e9 les sciences de l\u2019atmosph\u00e8re allant jusqu\u2019\u00e0 soutenir une th\u00e8se dans ce domaine. Qu\u2019il s\u2019agisse de donn\u00e9es issues de mod\u00e8les ou de donn\u00e9es d\u2019observation, j\u2019aime concevoir des strat\u00e9gies pour les analyser, les \u00e9tudier, les comparer, etc. et essayer de comprendre au mieux les ph\u00e9nom\u00e8nes en cause. Aujourd\u2019hui, je suis contente de compl\u00e9ter ma vision du \u201csyst\u00e8me terre\u201d en m\u2019attaquant \u00e0 des probl\u00e9matiques relatives aux oc\u00e9ans !<\/em><\/p><\/blockquote><\/div>\n\t\t\t\t\t\t\t\t\t<div class=\"elementor-tab-title elementor-tab-mobile-title\" aria-selected=\"false\" data-tab=\"3\" role=\"tab\" tabindex=\"-1\" aria-controls=\"elementor-tab-content-1233\" aria-expanded=\"false\">Virginie Racap\u00e9<\/div>\n\t\t\t\t\t<div id=\"elementor-tab-content-1233\" class=\"elementor-tab-content elementor-clearfix\" data-tab=\"3\" role=\"tabpanel\" aria-labelledby=\"elementor-tab-title-1233\" tabindex=\"0\" hidden=\"hidden\"><img decoding=\"async\" class=\"size-medium wp-image-698 aligncenter\" src=\"https:\/\/www.pokapok.org\/wp-content\/uploads\/2022\/08\/Virginie1-2-300x300.png\" alt=\"\" width=\"300\" height=\"300\" srcset=\"https:\/\/www.pokapok.org\/wp-content\/uploads\/2022\/08\/Virginie1-2-300x300.png 300w, https:\/\/www.pokapok.org\/wp-content\/uploads\/2022\/08\/Virginie1-2-150x150.png 150w, https:\/\/www.pokapok.org\/wp-content\/uploads\/2022\/08\/Virginie1-2.png 500w\" sizes=\"(max-width: 300px) 100vw, 300px\" \/>\n<p style=\"text-align: center;\"><a href=\"https:\/\/orcid.org\/0000-0003-0239-5125?lang=en\" target=\"_blank\" rel=\"noopener\">Orcid<\/a> &#8211; <a href=\"https:\/\/www.pokapok.org\/wp-content\/uploads\/2022\/08\/CV_VirginieRacape_Feb2022.pdf\" target=\"_blank\" rel=\"noopener\">CV<\/a><\/p>\n\n<blockquote><em>Une mission au <b>B<\/b>\u00e9nin, des campagnes en mer dans le\u00a0 <b>G<\/b>rand Sud, une th\u00e8se sur le cycle du <b>C<\/b>arbone \u00e0 Paris \u2026 Pour, au final, poser mes valises en <b>B<\/b>retagne o\u00f9 j\u2019ai commenc\u00e9 \u00e0 travailler sur les flotteurs Ar<b>G<\/b>o et la base de donn\u00e9es <b>C<\/b>oriolis.\u00a0<\/em>\n\n<em>Apr\u00e8s une <b>B<\/b>alade constructive en tant qu\u2019ing\u00e9nieur de recherche, l\u2019envie me <b>G<\/b>agne de <b>C<\/b>o-fonder la SCOP POKaPOK avec J\u00e9rome. Enthousiasm\u00e9e par ce nouveau d\u00e9fi, je suis aujourd&rsquo;hui pr\u00eate \u00e0 relever de nombreux <b>B<\/b>eaux et <b>G<\/b>rands <b>C<\/b>hallenges !<\/em>\n\n<em>Et, quand je ne suis pas accapar\u00e9e par des t\u00e2ches annexes (<b>B<\/b>ureautique, <b>G<\/b>estion administrative, approvisionnement en <b>C<\/b>af\u00e9), j\u2019aime lire des <b>B<\/b>ds, m\u2019occuper de mon pota-<b>G<\/b>, et faire de la<b> C<\/b>outure.<\/em>\n\n<em>Bref, tout ceci me ferait presque croire que j\u2019\u00e9tais vraiment destin\u00e9e \u00e0 me sp\u00e9cialiser en <b>B<\/b>io <b>G<\/b>\u00e9o <b>C<\/b>himie marine \ud83d\ude09 !<\/em><\/blockquote>\n<p dir=\"ltr\" style=\"text-align: center;\"><\/p><\/div>\n\t\t\t\t\t\t\t\t\t<div class=\"elementor-tab-title elementor-tab-mobile-title\" aria-selected=\"false\" data-tab=\"4\" role=\"tab\" tabindex=\"-1\" aria-controls=\"elementor-tab-content-1234\" aria-expanded=\"false\">Cl\u00e9ment Weber<\/div>\n\t\t\t\t\t<div id=\"elementor-tab-content-1234\" class=\"elementor-tab-content elementor-clearfix\" data-tab=\"4\" role=\"tabpanel\" aria-labelledby=\"elementor-tab-title-1234\" tabindex=\"0\" hidden=\"hidden\"><p><img loading=\"lazy\" decoding=\"async\" class=\"size-medium wp-image-734 aligncenter\" src=\"https:\/\/www.pokapok.org\/wp-content\/uploads\/2022\/08\/Clement1-300x300.png\" alt=\"\" width=\"300\" height=\"300\" srcset=\"https:\/\/www.pokapok.org\/wp-content\/uploads\/2022\/08\/Clement1-300x300.png 300w, https:\/\/www.pokapok.org\/wp-content\/uploads\/2022\/08\/Clement1-150x150.png 150w, https:\/\/www.pokapok.org\/wp-content\/uploads\/2022\/08\/Clement1.png 500w\" sizes=\"(max-width: 300px) 100vw, 300px\" \/><\/p><p style=\"text-align: center;\"><a href=\"https:\/\/orcid.org\/0000-0003-4346-0173\" target=\"_blank\" rel=\"noopener\">Orcid<\/a> &#8211; <a href=\"https:\/\/www.pokapok.org\/wp-content\/uploads\/2022\/10\/CV_WEBER_202210.pdf\" target=\"_blank\" rel=\"noopener\">CV<\/a><\/p><blockquote><p><em>Nouvellement d\u00e9barqu\u00e9 dans l\u2019aventure, j\u2019arrive en soutien \u00e0 la construction et \u00e0 l\u2019exploitation de la base de donn\u00e9es de mesures in-situ d\u00e9velopp\u00e9e \u00e0 POKaPOK.<\/em><\/p><p><em>Issu d\u2019une formation th\u00e9orique en oc\u00e9anographie physique commenc\u00e9e \u00e0 Paris et termin\u00e9e dans le grand ouest, j\u2019ai finalement plus souvent les mains dans la technique que la t\u00eate dans la recherche. En effet, bien que ma pr\u00e9c\u00e9dente mission m\u2019ait projet\u00e9 dans l\u2019espace avec les satellites d\u2019observation de la terre (Sentinel), c\u2019est autour de l\u2019oc\u00e9an que mon c\u0153ur s\u2019anime. J\u2019appr\u00e9cie particuli\u00e8rement l\u2019\u00e9tudier et, par exemple, en apprendre davantage sur le d\u00e9placement des masses d\u2019eau ou de ce qui flotte \u00e0 la surface (sargasses, plastiques\u2026).\u00a0\u00a0<\/em><\/p><p><em>Mais comme la baignade n\u2019est pas r\u00e9serv\u00e9e qu\u2019aux algues et autres d\u00e9riv\u00e9s de la p\u00e9trochimie, il n\u2019est pas impossible de me croiser par beau temps, flottant heureux \u00e0 quelques m\u00e8tres du rivage \u00e9galement.<br \/><\/em><\/p><\/blockquote><\/div>\n\t\t\t\t\t\t\t\t\t<div class=\"elementor-tab-title elementor-tab-mobile-title\" aria-selected=\"false\" data-tab=\"5\" role=\"tab\" tabindex=\"-1\" aria-controls=\"elementor-tab-content-1235\" aria-expanded=\"false\">Alban Sizun<\/div>\n\t\t\t\t\t<div id=\"elementor-tab-content-1235\" class=\"elementor-tab-content elementor-clearfix\" data-tab=\"5\" role=\"tabpanel\" aria-labelledby=\"elementor-tab-title-1235\" tabindex=\"0\" hidden=\"hidden\"><p><img loading=\"lazy\" decoding=\"async\" class=\"wp-image-1306 size-medium aligncenter\" src=\"https:\/\/www.pokapok.org\/wp-content\/uploads\/2023\/02\/Alban_modified-300x300.png\" alt=\"\" width=\"300\" height=\"300\" srcset=\"https:\/\/www.pokapok.org\/wp-content\/uploads\/2023\/02\/Alban_modified-300x300.png 300w, https:\/\/www.pokapok.org\/wp-content\/uploads\/2023\/02\/Alban_modified-1024x1024.png 1024w, https:\/\/www.pokapok.org\/wp-content\/uploads\/2023\/02\/Alban_modified-150x150.png 150w, https:\/\/www.pokapok.org\/wp-content\/uploads\/2023\/02\/Alban_modified-768x768.png 768w, https:\/\/www.pokapok.org\/wp-content\/uploads\/2023\/02\/Alban_modified-1536x1536.png 1536w, https:\/\/www.pokapok.org\/wp-content\/uploads\/2023\/02\/Alban_modified-2048x2048.png 2048w, https:\/\/www.pokapok.org\/wp-content\/uploads\/2023\/02\/Alban_modified-2000x2000.png 2000w\" sizes=\"(max-width: 300px) 100vw, 300px\" \/><\/p><p style=\"text-align: center;\"><a href=\"https:\/\/www.pokapok.org\/wp-content\/uploads\/2023\/02\/2022-04-CV-ALBAN-SIZUN-FR.pdf\" target=\"_blank\" rel=\"noopener\">CV<\/a><\/p><p><em>Je suis un brestois de toujours, comme un brennig coll\u00e9 \u00e0 son rocher de granit. D&rsquo;un naturel curieux et bricoleur, j&rsquo;aime bien r\u00e9parer les vieux trucs et leur donner une seconde vie. J&rsquo;ai un parcours principalement autodidacte dans diff\u00e9rentes sp\u00e9cialit\u00e9s m\u00e9tier qui touchent \u00e0 l&rsquo;informatique syst\u00e8me et au d\u00e9veloppement logiciel. Il y avait l&rsquo;air d&rsquo;y avoir une bonne ambiance du cot\u00e9 du technopole,\u00a0 alors j&rsquo;ai fait toc-toc chez Pokapok.<\/em><\/p><p><em>Je vais donc contribuer au confort de mes collaborateurs en leur concoctant un environnement de travail aux petits oignons, avec au final un peu de sauce cloud par dessus. Egalement au menu le refactoring du code, sa r\u00e9utilisabilit\u00e9, le pair programming &#8230;<\/em><\/p><\/div>\n\t\t\t\t\t\t\t\t\t<div class=\"elementor-tab-title elementor-tab-mobile-title\" aria-selected=\"false\" data-tab=\"6\" role=\"tab\" tabindex=\"-1\" aria-controls=\"elementor-tab-content-1236\" aria-expanded=\"false\">Yann Reynaud<\/div>\n\t\t\t\t\t<div id=\"elementor-tab-content-1236\" class=\"elementor-tab-content elementor-clearfix\" data-tab=\"6\" role=\"tabpanel\" aria-labelledby=\"elementor-tab-title-1236\" tabindex=\"0\" hidden=\"hidden\"><p>Yann Reynaud<\/p><\/div>\n\t\t\t\t\t\t\t\t\t<div class=\"elementor-tab-title elementor-tab-mobile-title\" aria-selected=\"false\" data-tab=\"7\" role=\"tab\" tabindex=\"-1\" aria-controls=\"elementor-tab-content-1237\" aria-expanded=\"false\">Collaborateurs exterieurs<\/div>\n\t\t\t\t\t<div id=\"elementor-tab-content-1237\" class=\"elementor-tab-content elementor-clearfix\" data-tab=\"7\" role=\"tabpanel\" aria-labelledby=\"elementor-tab-title-1237\" tabindex=\"0\" hidden=\"hidden\"><h2>Dorian Fouquier<\/h2><p><img loading=\"lazy\" decoding=\"async\" class=\"alignnone size-medium wp-image-1181\" src=\"https:\/\/www.pokapok.org\/wp-content\/uploads\/2022\/10\/dorian-300x300.jpeg\" alt=\"\" width=\"300\" height=\"300\" srcset=\"https:\/\/www.pokapok.org\/wp-content\/uploads\/2022\/10\/dorian-300x300.jpeg 300w, https:\/\/www.pokapok.org\/wp-content\/uploads\/2022\/10\/dorian-150x150.jpeg 150w, https:\/\/www.pokapok.org\/wp-content\/uploads\/2022\/10\/dorian.jpeg 450w\" sizes=\"(max-width: 300px) 100vw, 300px\" \/><\/p><p align=\"justify\"><em>Dipl\u00f4m\u00e9 de l\u2019exia.cesi apr\u00e8s une mission de 6 mois \u00e0 l\u2019\u00e9tranger, comprenant recherche et mise en place d\u2019une solution de stockage de donn\u00e9es en temps r\u00e9el, je suis tr\u00e8s vite recrut\u00e9 par Altran.\u00a0<\/em><\/p><p align=\"justify\"><em>Cette entreprise m\u2019offrira de belles opportunit\u00e9s, notamment une mission longue chez Intel qui consistait au d\u00e9veloppement d\u2019une application de bureau personnalis\u00e9e pour les thermiciens de l\u2019entreprise.\u00a0<\/em><\/p><p align=\"justify\"><em>Apr\u00e8s plusieurs ann\u00e9es dans cette entreprise de consulting, l\u2019envie de d\u00e9velopper mon activit\u00e9 \u00e0 mon compte se fait grandissante, et une opportunit\u00e9 avec POKaPOK se pr\u00e9sente, que je saisis sans plus attendre.<\/em><\/p><p align=\"justify\"><em>Pour cette nouvelle mission, je suis responsable du d\u00e9veloppement de l\u2019ingestion des donn\u00e9es dans une base de donn\u00e9es et de leur exploitation dans un outil de visualisation, qui \u00e0 des capacit\u00e9s de modifications \/ sauvegarde des donn\u00e9es mises \u00e0 jour en base ou vers de nouveaux fichiers.<\/em><\/p><p align=\"justify\"><em>Je passe la plupart de mon temps libre en promenade avec mes deux chiennes, Pixel et Toffee, qui aiment l\u2019eau et les grands espaces.<\/em><\/p><h2>Stiven Guillaume<\/h2><p><img loading=\"lazy\" decoding=\"async\" class=\"alignnone size-medium wp-image-1193\" src=\"https:\/\/www.pokapok.org\/wp-content\/uploads\/2022\/10\/stiven-300x297.png\" alt=\"\" width=\"300\" height=\"297\" srcset=\"https:\/\/www.pokapok.org\/wp-content\/uploads\/2022\/10\/stiven-300x297.png 300w, https:\/\/www.pokapok.org\/wp-content\/uploads\/2022\/10\/stiven-150x150.png 150w, https:\/\/www.pokapok.org\/wp-content\/uploads\/2022\/10\/stiven.png 343w\" sizes=\"(max-width: 300px) 100vw, 300px\" \/><\/p><\/div>\n\t\t\t\t\t\t\t\t\t<div class=\"elementor-tab-title elementor-tab-mobile-title\" aria-selected=\"false\" data-tab=\"8\" role=\"tab\" tabindex=\"-1\" aria-controls=\"elementor-tab-content-1238\" aria-expanded=\"false\">Anciens Collaborateurs<\/div>\n\t\t\t\t\t<div id=\"elementor-tab-content-1238\" class=\"elementor-tab-content elementor-clearfix\" data-tab=\"8\" role=\"tabpanel\" aria-labelledby=\"elementor-tab-title-1238\" tabindex=\"0\" hidden=\"hidden\"><h2>Brendan Hennebaut<\/h2><p><img loading=\"lazy\" decoding=\"async\" class=\"size-medium wp-image-703 aligncenter\" src=\"https:\/\/www.pokapok.org\/wp-content\/uploads\/2022\/08\/Brendan1-300x300.png\" alt=\"\" width=\"300\" height=\"300\" srcset=\"https:\/\/www.pokapok.org\/wp-content\/uploads\/2022\/08\/Brendan1-300x300.png 300w, https:\/\/www.pokapok.org\/wp-content\/uploads\/2022\/08\/Brendan1-150x150.png 150w, https:\/\/www.pokapok.org\/wp-content\/uploads\/2022\/08\/Brendan1.png 500w\" sizes=\"(max-width: 300px) 100vw, 300px\" \/><\/p><p style=\"text-align: center;\"><a href=\"https:\/\/www.pokapok.org\/wp-content\/uploads\/2022\/08\/CV-HENNEBAUT-Brendan-2022-VF.pdf\" target=\"_blank\" rel=\"noopener\">CV<\/a><\/p><blockquote><p>Demat ! Mat ar jeu ?<\/p><p>Je me pr\u00e9sente Brendan, Ty-zef et fier de l\u2019\u00eatre ! Passionn\u00e9 par le domaine de l\u2019environnement marin, j\u2019ai toujours eu ce d\u00e9sir de d\u00e9couvrir et de comprendre cet \u00e9cosyst\u00e8me encore m\u00e9connu du grand public ! J\u2019ai ax\u00e9 tout mon parcours autour de cette vocation\/cette envie\/cet objectif et j\u2019ai obtenu un Master Sciences de la mer \u00e0 l\u2019Universit\u00e9 de Caen. Je suis actuellement impliqu\u00e9 dans un projet qui a pour objectif de mettre en place un syst\u00e8me d\u2019information (base de donn\u00e9es) capable de g\u00e9rer la tra\u00e7abilit\u00e9, dans le temps et l\u2019espace, des \u00e9chantillons biologiques conserv\u00e9s \u00e0 l\u2019Ifremer (projet <a href=\"https:\/\/www.pokapok.org\/index.php\/archives-nos-projets\/#MORSE\" rel=\"noopener\">MORSE<\/a>).<\/p><p>Ce projet, tr\u00e8s vivant et stimulant, me permet de rencontrer les laboratoires de l\u2019Ifremer afin d\u2019analyser l\u2019existant et les besoins en termes de bancarisation. Je dois \u00e9galement d\u00e9finir les flux de donn\u00e9es et accompagner les utilisateurs pour la bancarisation des m\u00e9tadonn\u00e9es de tra\u00e7abilit\u00e9 associ\u00e9es \u00e0 leurs \u00e9chantillons biologiques. Enfin, j\u2019accompagne \u00e9galement les porteurs de projet dans les d\u00e9marches r\u00e9glementaires (APA, CITES, etc\u2026). J\u2019allais oublier\u2026. D\u00e8s que je ne suis pas accapar\u00e9 par MORSE, vous pourrez me croiser en train de gambader sur le sentier c\u00f4tier ! Kenavo ar wech all !<\/p><\/blockquote><\/div>\n\t\t\t\t\t\t\t\t\t<div class=\"elementor-tab-title elementor-tab-mobile-title\" aria-selected=\"false\" data-tab=\"9\" role=\"tab\" tabindex=\"-1\" aria-controls=\"elementor-tab-content-1239\" aria-expanded=\"false\">Titre de l\u2019onglet<\/div>\n\t\t\t\t\t<div id=\"elementor-tab-content-1239\" class=\"elementor-tab-content elementor-clearfix\" data-tab=\"9\" role=\"tabpanel\" aria-labelledby=\"elementor-tab-title-1239\" tabindex=\"0\" hidden=\"hidden\">Contenu de l\u2019onglet<\/div>\n\t\t\t\t\t\t\t<\/div>\n\t\t<\/div>\n\t\t\t\t\t\t<\/div>\n\t\t\t\t<\/div>\n\t\t\t\t\t<\/div>\n\t\t<\/div>\n\t\t\t\t\t<\/div>\n\t\t<\/section>\n\t\t\t\t<\/div>\n\t\t","protected":false},"excerpt":{"rendered":"<p>J\u00e9r\u00f4me Gourrion Delphine Leroy Virginie Racap\u00e9 Cl\u00e9ment Weber Alban Sizun Yann Reynaud Collaborateurs exterieurs Anciens Collaborateurs Titre de l\u2019onglet J\u00e9r\u00f4me Gourrion Orcid &#8211; CV Si j\u2019ai d\u00e9couvert, jeune adulte, ma passion et mon respect pour la mer \u00e0 travers la d\u00e9couverte de la voile croisi\u00e8re en M\u00e9diterran\u00e9e, c\u2019est en quittant mon Var natal \u00e0 23 &hellip; <\/p>\n<p class=\"link-more\"><a href=\"https:\/\/www.pokapok.org\/index.php\/notre-equipe\/\" class=\"more-link\">Lire la suite de<span class=\"screen-reader-text\">\u00ab\u00a0Notre \u00e9quipe\u00a0\u00bb<\/span><\/a><\/p>\n","protected":false},"author":1,"featured_media":500,"parent":0,"menu_order":0,"comment_status":"closed","ping_status":"closed","template":"","meta":{"footnotes":""},"class_list":["post-13","page","type-page","status-publish","has-post-thumbnail","hentry"],"_links":{"self":[{"href":"https:\/\/www.pokapok.org\/index.php\/wp-json\/wp\/v2\/pages\/13","targetHints":{"allow":["GET"]}}],"collection":[{"href":"https:\/\/www.pokapok.org\/index.php\/wp-json\/wp\/v2\/pages"}],"about":[{"href":"https:\/\/www.pokapok.org\/index.php\/wp-json\/wp\/v2\/types\/page"}],"author":[{"embeddable":true,"href":"https:\/\/www.pokapok.org\/index.php\/wp-json\/wp\/v2\/users\/1"}],"replies":[{"embeddable":true,"href":"https:\/\/www.pokapok.org\/index.php\/wp-json\/wp\/v2\/comments?post=13"}],"version-history":[{"count":217,"href":"https:\/\/www.pokapok.org\/index.php\/wp-json\/wp\/v2\/pages\/13\/revisions"}],"predecessor-version":[{"id":1627,"href":"https:\/\/www.pokapok.org\/index.php\/wp-json\/wp\/v2\/pages\/13\/revisions\/1627"}],"wp:featuredmedia":[{"embeddable":true,"href":"https:\/\/www.pokapok.org\/index.php\/wp-json\/wp\/v2\/media\/500"}],"wp:attachment":[{"href":"https:\/\/www.pokapok.org\/index.php\/wp-json\/wp\/v2\/media?parent=13"}],"curies":[{"name":"wp","href":"https:\/\/api.w.org\/{rel}","templated":true}]}}