{"id":17,"date":"2022-05-16T13:53:35","date_gmt":"2022-05-16T11:53:35","guid":{"rendered":"https:\/\/www.pokapok.org\/?page_id=17"},"modified":"2024-02-07T10:39:31","modified_gmt":"2024-02-07T09:39:31","slug":"projets","status":"publish","type":"page","link":"https:\/\/www.pokapok.org\/index.php\/projets\/","title":{"rendered":"Nos projets"},"content":{"rendered":"\t\t<div data-elementor-type=\"wp-page\" data-elementor-id=\"17\" class=\"elementor elementor-17\">\n\t\t\t\t\t\t<section class=\"elementor-section elementor-top-section elementor-element elementor-element-592c8752 elementor-section-boxed elementor-section-height-default elementor-section-height-default\" data-id=\"592c8752\" data-element_type=\"section\">\n\t\t\t\t\t\t<div class=\"elementor-container elementor-column-gap-default\">\n\t\t\t\t\t<div class=\"elementor-column elementor-col-100 elementor-top-column elementor-element elementor-element-3b8a4943\" data-id=\"3b8a4943\" data-element_type=\"column\">\n\t\t\t<div class=\"elementor-widget-wrap elementor-element-populated\">\n\t\t\t\t\t\t<div class=\"elementor-element elementor-element-625bd1db elementor-widget elementor-widget-text-editor\" data-id=\"625bd1db\" data-element_type=\"widget\" data-widget_type=\"text-editor.default\">\n\t\t\t\t<div class=\"elementor-widget-container\">\n\t\t\t\t\t\t\t\t\t<p><\/p>\n<div class=\"wp-block-columns is-layout-flex wp-container-core-columns-is-layout-28f84493 wp-block-columns-is-layout-flex\">\n<p><\/p>\n<div class=\"wp-block-column is-vertically-aligned-center is-layout-flow wp-block-column-is-layout-flow\" style=\"flex-basis: 25%;\">\n<p style=\"text-align: center;\"><\/p>\n<figure class=\"wp-block-image aligncenter size-full head_project\"><a href=\"#CMEMS\"><img fetchpriority=\"high\" decoding=\"async\" width=\"300\" height=\"300\" class=\"wp-image-141 aligncenter\" src=\"https:\/\/www.pokapok.org\/wp-content\/uploads\/2022\/05\/Logo-INSITU-TAC-2022-vignette.png\" alt=\"\" srcset=\"https:\/\/www.pokapok.org\/wp-content\/uploads\/2022\/05\/Logo-INSITU-TAC-2022-vignette.png 300w, https:\/\/www.pokapok.org\/wp-content\/uploads\/2022\/05\/Logo-INSITU-TAC-2022-vignette-150x150.png 150w\" sizes=\"(max-width: 300px) 100vw, 300px\" \/><\/a><\/figure>\n<p><\/p>\n<\/div>\n<p><\/p>\n<p><\/p>\n<div class=\"wp-block-column is-vertically-aligned-center is-layout-flow wp-block-column-is-layout-flow\" style=\"flex-basis: 37.5%;\">\n<p><\/p>\n<figure class=\"wp-block-image aligncenter size-large head_project\"><a href=\"#BLUECLOUD2026\"><img decoding=\"async\" width=\"1024\" height=\"164\" class=\"wp-image-1383\" src=\"https:\/\/www.pokapok.org\/wp-content\/uploads\/2023\/03\/Blue-Cloud2026_transparent-e1677666089961-1024x164.png\" alt=\"\" srcset=\"https:\/\/www.pokapok.org\/wp-content\/uploads\/2023\/03\/Blue-Cloud2026_transparent-e1677666089961-1024x164.png 1024w, https:\/\/www.pokapok.org\/wp-content\/uploads\/2023\/03\/Blue-Cloud2026_transparent-e1677666089961-300x48.png 300w, https:\/\/www.pokapok.org\/wp-content\/uploads\/2023\/03\/Blue-Cloud2026_transparent-e1677666089961-768x123.png 768w, https:\/\/www.pokapok.org\/wp-content\/uploads\/2023\/03\/Blue-Cloud2026_transparent-e1677666089961-1536x246.png 1536w, https:\/\/www.pokapok.org\/wp-content\/uploads\/2023\/03\/Blue-Cloud2026_transparent-e1677666089961-2048x328.png 2048w, https:\/\/www.pokapok.org\/wp-content\/uploads\/2023\/03\/Blue-Cloud2026_transparent-e1677666089961-2000x320.png 2000w\" sizes=\"(max-width: 1024px) 100vw, 1024px\" \/><\/a><\/figure>\n<p><\/p>\n<p><\/p>\n<figure class=\"wp-block-image aligncenter size-large head_project\"><a href=\"#GEORGE\"><img decoding=\"async\" class=\"wp-image-1383\" src=\"https:\/\/www.pokapok.org\/wp-content\/uploads\/2023\/10\/George-logo-blue.png\" alt=\"\" \/><\/a><\/figure>\n<p><\/p>\n<\/div>\n<p><\/p>\n<p><\/p>\n<div class=\"wp-block-column is-vertically-aligned-center is-layout-flow wp-block-column-is-layout-flow\" style=\"flex-basis: 37.5%;\">\n<p><\/p>\n<figure class=\"wp-block-image size-full\"><a href=\"#FAIREASE\"><img decoding=\"async\" width=\"760\" height=\"406\" class=\"wp-image-366\" src=\"https:\/\/www.pokapok.org\/wp-content\/uploads\/2022\/07\/FAIR_EASE_logo_transparent.png\" alt=\"\" srcset=\"https:\/\/www.pokapok.org\/wp-content\/uploads\/2022\/07\/FAIR_EASE_logo_transparent.png 760w, https:\/\/www.pokapok.org\/wp-content\/uploads\/2022\/07\/FAIR_EASE_logo_transparent-300x160.png 300w\" sizes=\"(max-width: 760px) 100vw, 760px\" \/><\/a><\/figure>\n<p>&nbsp;<\/p>\n<p><\/p>\n<\/div>\n<p><\/p>\n<\/div>\n<p><\/p>\n<p><\/p>\n<hr id=\"CMEMS\" class=\"wp-block-separator has-text-color has-alpha-channel-opacity has-background is-style-wide\" style=\"background-color: #ffffff00; color: #ffffff00;\" \/>\n<p><\/p>\n<p><\/p>\n<div class=\"wp-block-group has-background is-layout-flow wp-block-group-is-layout-flow\" style=\"background-color: #f78da800;\">\n<p><\/p>\n<div class=\"wp-block-columns is-layout-flex wp-container-core-columns-is-layout-28f84493 wp-block-columns-is-layout-flex\">\n<p><\/p>\n<div class=\"wp-block-column is-layout-flow wp-block-column-is-layout-flow\" style=\"flex-basis: 33.33%;\">\n<p><\/p>\n<figure class=\"wp-block-image size-full\"><img loading=\"lazy\" decoding=\"async\" width=\"300\" height=\"300\" class=\"wp-image-141\" src=\"https:\/\/www.pokapok.org\/wp-content\/uploads\/2022\/05\/Logo-INSITU-TAC-2022-vignette.png\" alt=\"\" srcset=\"https:\/\/www.pokapok.org\/wp-content\/uploads\/2022\/05\/Logo-INSITU-TAC-2022-vignette.png 300w, https:\/\/www.pokapok.org\/wp-content\/uploads\/2022\/05\/Logo-INSITU-TAC-2022-vignette-150x150.png 150w\" sizes=\"(max-width: 300px) 100vw, 300px\" \/><\/figure>\n<p><\/p>\n<\/div>\n<p><\/p>\n<p><\/p>\n<div class=\"wp-block-column is-layout-flow wp-block-column-is-layout-flow\" style=\"flex-basis: 66.66%;\">\n<p><\/p>\n<p class=\"texte_justifie\" style=\"text-align: left;\">Le projet europ\u00e9en <a href=\"https:\/\/marine.copernicus.eu\/fr\" target=\"_blank\" rel=\"noreferrer noopener\" data-type=\"URL\" data-id=\"https:\/\/marine.copernicus.eu\/fr\">Copernicus Marine Service<\/a> repr\u00e9sente le volet marin du programme d\u2019observation de la Terre de l\u2019Union Europ\u00e9enne (UE), <a href=\"https:\/\/www.copernicus.eu\/fr\" target=\"_blank\" rel=\"noreferrer noopener\">COPERNICUS<\/a>.<\/p>\n<p style=\"text-align: left;\"><\/p>\n<p style=\"text-align: left;\"><\/p>\n<p class=\"texte_justifie\" style=\"text-align: left;\">Ce service, qui s\u2019appuie sur l\u2019expertise d\u2019un vaste r\u00e9seaux europ\u00e9en impliqu\u00e9 dans l\u2019oc\u00e9anographie op\u00e9rationnelle, se compose de deux centres de production: les centres de pr\u00e9visions maritimes (MFCs : Monitoring and Forecasting Centers) en charge du maintien des mod\u00e8les num\u00e9riques de l\u2019oc\u00e9an et les centres de donn\u00e9es (TAC : Thematic Assembly center) en charge du recueil des observations oc\u00e9aniques dont le <a href=\"http:\/\/www.marineinsitu.eu\/\">TAC In Situ<\/a> est l\u2019un des composants majeurs.\u00a0<\/p>\n<p><\/p>\n<\/div>\n<p><\/p>\n<\/div>\n<p><\/p>\n<p><\/p>\n<div class=\"wp-block-columns is-layout-flex wp-container-core-columns-is-layout-28f84493 wp-block-columns-is-layout-flex\">\n<p><\/p>\n<div class=\"wp-block-column is-layout-flow wp-block-column-is-layout-flow\">\n<p><\/p>\n<p><strong>Objectif du TAC In Situ<\/strong><\/p>\n<p><\/p>\n<p><\/p>\n<ul class=\"wp-block-list\">\n<li style=\"list-style-type: none;\">\n<ul><\/ul>\n<\/li>\n<\/ul>\n<ul>\n<li style=\"list-style-type: none;\">\n<ul>\n<li>Recueillir\u00a0 des donn\u00e9es h\u00e9t\u00e9rog\u00e8nes, multiplateformes et de sources multiples<\/li>\n<\/ul>\n<\/li>\n<\/ul>\n<p><\/p>\n<p><\/p>\n<ul>\n<li style=\"list-style-type: none;\">\n<ul>\n<li>R\u00e9aliser un contr\u00f4le de la qualit\u00e9 uniforme\u00a0<\/li>\n<\/ul>\n<\/li>\n<\/ul>\n<p><\/p>\n<p><\/p>\n<ul>\n<li style=\"list-style-type: none;\">\n<ul>\n<li>Distribuer dans un format commun et en temps quasi r\u00e9el (dans les 24 heures) aux centres de pr\u00e9vision maritime (MFC) de Copernicus Marine Service, pour l\u2019assimilation dans leurs mod\u00e8les oc\u00e9aniques num\u00e9riques.<\/li>\n<\/ul>\n<\/li>\n<\/ul>\n<p><\/p>\n<p><\/p>\n<ul>\n<li style=\"list-style-type: none;\">\n<ul>\n<li>Fournir \u00e0 la communaut\u00e9 scientifique en temps diff\u00e9r\u00e9 des produits de haute qualit\u00e9 n\u00e9cessaires \u00e0 la validation ou \u00e0 l\u2019assimilation des mod\u00e8les dans la r\u00e9analyse des oc\u00e9ans et les \u00e9tudes climatiques, \u00e0 l\u2019\u00e9tablissement de l\u2019\u00e9tat de l\u2019oc\u00e9an \u2026<\/li>\n<\/ul>\n<\/li>\n<\/ul>\n<p><\/p>\n<p><\/p>\n<\/div>\n<p><\/p>\n<p><\/p>\n<div class=\"wp-block-column is-layout-flow wp-block-column-is-layout-flow\">\n<p><\/p>\n<p><strong>Implication de POKaPOK (2022-2024)<\/strong><\/p>\n<p><\/p>\n<p><\/p>\n<p class=\"texte_justifie\"><strong>POKaPOK<\/strong> a pour mission de d\u00e9velopper des outils de qualification, d\u2019analyse et de production de grands jeux de donn\u00e9es et d\u2019indicateurs environnementaux. POKaPOK apporte \u00e9galement son soutien \u00e0 l\u2019Ifremer dans la qualification op\u00e9rationnelle des observations oc\u00e9aniques. De plus, POKaPOK coordonne, d\u2019une part, des groupes de travail sur le contr\u00f4le qualit\u00e9 des donn\u00e9es et d\u2019autre part, la contribution des observations in-situ au rapport de r\u00e9f\u00e9rence qu\u2019est l\u2019<a href=\"https:\/\/marine.copernicus.eu\/fr\/acc%C3%A8s-donn%C3%A9es\/rapport-%C3%A9tat-ocean\" target=\"_blank\" rel=\"noreferrer noopener\" data-type=\"URL\" data-id=\"https:\/\/marine.copernicus.eu\/fr\/acc%C3%A8s-donn%C3%A9es\/rapport-%C3%A9tat-ocean\">Ocean State Report<\/a>.<\/p>\n<p><\/p>\n<\/div>\n<p><\/p>\n<\/div>\n<p><\/p>\n<p><\/p>\n<p class=\"has-text-align-center\"><a href=\"#top\">\u2191<\/a><\/p>\n<p><\/p>\n<\/div>\n<p><\/p>\n<p><\/p>\n<hr id=\"BLUECLOUD2026\" class=\"wp-block-separator has-text-color has-alpha-channel-opacity has-background is-style-wide\" style=\"background-color: #ffffff00; color: #ffffff00;\" \/>\n<p><\/p>\n<p><\/p>\n<div class=\"wp-block-group has-background is-layout-flow wp-block-group-is-layout-flow\" style=\"background-color: #ff6a0000;\">\n<p><\/p>\n<figure class=\"wp-block-image size-large\"><img decoding=\"async\" width=\"1024\" height=\"164\" class=\"wp-image-1383\" src=\"https:\/\/www.pokapok.org\/wp-content\/uploads\/2023\/03\/Blue-Cloud2026_transparent-e1677666089961-1024x164.png\" alt=\"\" srcset=\"https:\/\/www.pokapok.org\/wp-content\/uploads\/2023\/03\/Blue-Cloud2026_transparent-e1677666089961-1024x164.png 1024w, https:\/\/www.pokapok.org\/wp-content\/uploads\/2023\/03\/Blue-Cloud2026_transparent-e1677666089961-300x48.png 300w, https:\/\/www.pokapok.org\/wp-content\/uploads\/2023\/03\/Blue-Cloud2026_transparent-e1677666089961-768x123.png 768w, https:\/\/www.pokapok.org\/wp-content\/uploads\/2023\/03\/Blue-Cloud2026_transparent-e1677666089961-1536x246.png 1536w, https:\/\/www.pokapok.org\/wp-content\/uploads\/2023\/03\/Blue-Cloud2026_transparent-e1677666089961-2048x328.png 2048w, https:\/\/www.pokapok.org\/wp-content\/uploads\/2023\/03\/Blue-Cloud2026_transparent-e1677666089961-2000x320.png 2000w\" sizes=\"(max-width: 1024px) 100vw, 1024px\" \/><\/figure>\n<p><\/p>\n<p><\/p>\n<p class=\"texte_justifie\"><a href=\"https:\/\/blue-cloud.org\/blue-cloud-2026\" target=\"_blank\" rel=\"noreferrer noopener\">Blue Cloud 2026<\/a> est la suite du projet Blue Cloud qui a initi\u00e9 la construction d\u2019un environnement num\u00e9rique visant \u00e0 faciliter l\u2019acc\u00e8s aux multiples jeux de donn\u00e9es relatifs aux sciences marines.<\/p>\n<p><\/p>\n<p><\/p>\n<p><strong>Implication de POKaPOK<\/strong> <strong>(d\u00e9but 2023 &#8211; 42 mois)<\/strong><\/p>\n<p><\/p>\n<p><\/p>\n<p class=\"texte_justifie\">POKaPOK intervient sur le volet WP3 : \u201cDeveloping and testing analytical Blue Cloud workbenches for generating highly qualified data collections (EOV)\u201d. En effet, pour pouvoir produire un jeu de donn\u00e9es coh\u00e9rents \u00e0 partir de plusieurs sources diff\u00e9rentes, il est n\u00e9cessaire de bien comprendre les strat\u00e9gies de contr\u00f4le qualit\u00e9 appliqu\u00e9es sur les donn\u00e9es d\u2019une part et de d\u00e9tecter et traiter les potentiels doubles.<\/p>\n<p><\/p>\n<p><\/p>\n<p class=\"texte_justifie\">POKaPOK va travailler \u00e0 la fois sur les donn\u00e9es de temp\u00e9rature et salinit\u00e9 (WP3.2) et d&rsquo;eutrophisation (i.e. concentration en oxyg\u00e8ne, nutriments, et chlorophylle, WP3.3). Nous pr\u00e9voyons de comparer les proc\u00e9dures qualit\u00e9 dores et d\u00e9j\u00e0 appliqu\u00e9es dans diff\u00e9rents projets europ\u00e9ens (EMODnet, Copernicus,&#8230;), afin de pouvoir proposer aux utilisateurs de Blue Cloud des pr\u00e9conisations (voire m\u00eame des outils) pour le contr\u00f4le qualit\u00e9 en fonction de l\u2019usage auquel les donn\u00e9es sont destin\u00e9es. Nous esp\u00e9rons \u00e9galement profiter des infrastructures de donn\u00e9es mises en place dans le projet pour am\u00e9liorer les tests de contr\u00f4le qualit\u00e9 actuels, d&rsquo;une part en exploitant le jeu de donn\u00e9es plus large pour le calcul des statistiques et d&rsquo;autre part, en utilisant les outils mis \u00e0 disposition (Virtual Research Environment &amp; Virtual Labs). Ensuite, nous allons \u00e9galement contribuer au travail sur les doubles depuis leur d\u00e9finition, leur identification jusqu\u2019\u00e0 l\u2019\u00e9tape de s\u00e9lection finale.\u00a0<\/p>\n<p><\/p>\n<p><\/p>\n<p><\/p>\n<p><\/p>\n<p class=\"has-text-align-center\"><a href=\"#top\">\u2191<\/a><\/p>\n<p><\/p>\n<\/div>\n<p><\/p>\n<p><\/p>\n<hr id=\"FAIREASE\" class=\"wp-block-separator has-text-color has-alpha-channel-opacity has-background is-style-wide\" style=\"background-color: #ffffff00; color: #ffffff00;\" \/>\n<p><\/p>\n<p><\/p>\n<div class=\"wp-block-group is-layout-flow wp-block-group-is-layout-flow\">\n<p><\/p>\n<div class=\"wp-block-columns is-layout-flex wp-container-core-columns-is-layout-28f84493 wp-block-columns-is-layout-flex\">\n<p><\/p>\n<div class=\"wp-block-column is-layout-flow wp-block-column-is-layout-flow\" style=\"flex-basis: 33.33%;\">\n<p><\/p>\n<figure class=\"wp-block-image size-full\"><img decoding=\"async\" width=\"760\" height=\"406\" class=\"wp-image-366\" src=\"https:\/\/www.pokapok.org\/wp-content\/uploads\/2022\/07\/FAIR_EASE_logo_transparent.png\" alt=\"\" srcset=\"https:\/\/www.pokapok.org\/wp-content\/uploads\/2022\/07\/FAIR_EASE_logo_transparent.png 760w, https:\/\/www.pokapok.org\/wp-content\/uploads\/2022\/07\/FAIR_EASE_logo_transparent-300x160.png 300w\" sizes=\"(max-width: 760px) 100vw, 760px\" \/><\/figure>\n<p><\/p>\n<\/div>\n<p><\/p>\n<p><\/p>\n<div class=\"wp-block-column is-layout-flow wp-block-column-is-layout-flow\" style=\"flex-basis: 66.66%;\">\n<p><\/p>\n<p><\/p>\n<p><\/p>\n<p class=\"texte_justifie\">Les sciences de la Terre et de l\u2019environnement exigent un large panel et un volume de donn\u00e9es provenant de satellites, d\u2019observations in situ, de mod\u00e8les, etc. Le projet europ\u00e9en <a href=\"https:\/\/fairease.eu\/\" target=\"_blank\" rel=\"noreferrer noopener\">FAIR-EASE<\/a>, qui fait partie du programme HORIZON INFRA 2021 EOSC, vise \u00e0 mettre en \u0153uvre des services en ligne personnalis\u00e9s et int\u00e9gr\u00e9s pour l\u2019observation et la mod\u00e9lisation du syst\u00e8me terrestre, de l\u2019environnement et de la biodiversit\u00e9. Ce projet souhaite contribuer activement \u00e0 la mise en place d\u2019un \u201cweb fair data\u201d qui permettra aux utilisateurs et aux machines de collaborer.<\/p>\n<p><\/p>\n<\/div>\n<p><\/p>\n<\/div>\n<p><\/p>\n<p><\/p>\n<div class=\"wp-block-columns is-layout-flex wp-container-core-columns-is-layout-28f84493 wp-block-columns-is-layout-flex\">\n<p><\/p>\n<div class=\"wp-block-column is-layout-flow wp-block-column-is-layout-flow\">\n<p><\/p>\n<p><strong>Objectifs\u00a0<\/strong><\/p>\n<p><\/p>\n<p><\/p>\n<ul class=\"wp-block-list\">\n<li style=\"list-style-type: none;\">\n<ul><\/ul>\n<\/li>\n<\/ul>\n<ul>\n<li style=\"list-style-type: none;\">\n<ul>\n<li>Am\u00e9liorer et centraliser l\u2019acc\u00e8s aux donn\u00e9es<\/li>\n<\/ul>\n<\/li>\n<\/ul>\n<p><\/p>\n<p><\/p>\n<ul>\n<li style=\"list-style-type: none;\">\n<ul>\n<li>Mettre en place des \u201claboratoires d\u2019analyses de donn\u00e9es\u201d<\/li>\n<\/ul>\n<\/li>\n<\/ul>\n<p><\/p>\n<p><\/p>\n<ul>\n<li style=\"list-style-type: none;\">\n<ul>\n<li>D\u00e9velopper un nombre de \u201ccas d\u2019\u00e9tude\u201d multidisciplinaires<\/li>\n<\/ul>\n<\/li>\n<\/ul>\n<p><\/p>\n<p><\/p>\n<\/div>\n<p><\/p>\n<p><\/p>\n<div class=\"wp-block-column is-layout-flow wp-block-column-is-layout-flow\">\n<p><\/p>\n<p><strong>Implication de POKaPOK (2022-2026)<\/strong><\/p>\n<p><\/p>\n<p><\/p>\n<p class=\"texte_justifie\">POKaPOK est fortement engag\u00e9 dans le cas d\u2019\u00e9tude <a href=\"https:\/\/fairease.eu\/use-cases\/environmental-bio-geochemical-assets\" target=\"_blank\" rel=\"noreferrer noopener\">UC2 \u201cActif biog\u00e9ochimique environnementaux\u201d<\/a> afin de mettre \u00e0 la disposition de la communaut\u00e9 scientifique un environnement de recherche virtuel pour le contr\u00f4le qualit\u00e9, l&rsquo;ajustement et\/ou la validation des donn\u00e9es mesur\u00e9es par des capteurs BGC.<\/p>\n<p><\/p>\n<\/div>\n<p><\/p>\n<\/div>\n<p><\/p>\n<p><\/p>\n<p class=\"has-text-align-center\"><a href=\"#top\">\u2191<\/a><\/p>\n<p><\/p>\n<\/div>\n<p><\/p>\n<p><\/p>\n<hr id=\"GEORGE\" hr class=\"wp-block-separator has-text-color has-alpha-channel-opacity has-background is-style-wide\" style=\"background-color: #ffffff00; color: #ffffff00;\" \/>\n<p><\/p>\n<p><\/p>\n<h2 class=\"wp-block-heading\">\u00a0<\/h2>\n<p><\/p>\n<p><\/p>\n<div class=\"wp-block-group is-layout-flow wp-block-group-is-layout-flow\">\n<p><\/p>\n<div class=\"wp-block-columns is-layout-flex wp-container-core-columns-is-layout-28f84493 wp-block-columns-is-layout-flex\">\n<p><\/p>\n<div class=\"wp-block-column is-layout-flow wp-block-column-is-layout-flow\" style=\"flex-basis: 33.33%;\">\n<p><\/p>\n<figure class=\"wp-block-image size-full\"><img decoding=\"async\" class=\"wp-image-366\" src=\"https:\/\/www.pokapok.org\/wp-content\/uploads\/2023\/10\/George-logo-blue.png\" alt=\"\" \/><\/figure>\n<\/div>\n<\/div>\n<div class=\"wp-block-columns\">\n<div class=\"wp-block-column\">\n<div class=\"wp-block-column\" style=\"flex-grow: 0; flex-basis: 66.66%;\">\n<p class=\"texte_justifie\"><span style=\"color: var( --e-global-color-text ); font-family: var( --e-global-typography-text-font-family ), Sans-serif; font-weight: var( --e-global-typography-text-font-weight );\">Le projet europ\u00e9en\u00a0<\/span><a style=\"background-color: #f6f3f2; font-family: var( --e-global-typography-text-font-family ), Sans-serif; font-weight: var( --e-global-typography-text-font-weight );\" href=\"https:\/\/george-project.eu\/\" target=\"_blank\" rel=\"noopener\">George<\/a><span style=\"color: var( --e-global-color-text ); font-family: var( --e-global-typography-text-font-family ), Sans-serif; font-weight: var( --e-global-typography-text-font-weight );\">\u00a0regroupe 28 partenaires issus du monde acad\u00e9mique et du monde scientifique dont 3 ERICs (European Research Infrastructure Consortium).\u00a0 GEORGE souhaite d\u00e9velopper de nouveaux instruments, de nouvelles m\u00e9thodes de calibrations\u00a0pour l&rsquo;observation syst\u00e9matique et autonome \u00e0 long terme des oc\u00e9ans. L&rsquo;objectif \u00e9tant d&rsquo;am\u00e9liorer consid\u00e9rablement notre compr\u00e9hension du cycle du carbone oc\u00e9anique.<\/span><\/p>\n<\/div>\n<p><strong>Implication de POKaPOK d\u00e9but 2023 &#8211; 42 mois)<\/strong><\/p>\n<p><\/p>\n<p><\/p>\n<p class=\"texte_justifie\">Contribution \u00e0 l&rsquo;extension du software <a href=\"https:\/\/www.icos-otc.org\/sites\/default\/files\/2020-02\/QuinCe.pdf\" target=\"_blank\" rel=\"noopener\">QuinCe<\/a> pour contr\u00f4ler en temps r\u00e9el des donn\u00e9es d&rsquo;oxyg\u00e8ne dissous acquises en continu \u00e0 la surface de l&rsquo;oc\u00e9an<\/p>\n<p><\/p>\n<\/div>\n<p><\/p>\n<\/div>\n<p><\/p>\n<p><\/p>\n<p class=\"has-text-align-center\"><a href=\"#top\">\u2191<\/a><\/p>\n<p>&nbsp;<\/p>\n<p><\/p>\n<\/div>\n<p><\/p>\n<p><\/p>\n<hr class=\"wp-block-separator has-text-color has-alpha-channel-opacity has-background is-style-wide\" style=\"background-color: #ffffff00; color: #ffffff00;\" \/>\n<p><\/p>\n<p><\/p>\n<h2 class=\"wp-block-heading\">\u00a0<\/h2>\n<p><\/p>\n<p><!-- \/wp:group --><\/p>\n<p><!-- wp:heading --><\/p>\n<h2 class=\"wp-block-heading\">Anciens projets<\/h2>\n<div class=\"wp-block-columns\">\n<div class=\"wp-block-column\">\n<figure class=\"wp-block-gallery has-nested-images columns-default is-cropped\">\n<figure class=\"wp-block-image size-large\"><a href=\"archives---nos-projets\/#MORSE\"><img loading=\"lazy\" decoding=\"async\" width=\"500\" height=\"130\" class=\"wp-image-143\" src=\"https:\/\/www.pokapok.org\/wp-content\/uploads\/2022\/05\/Capture-decran-de-2022-05-25-09-38-26.png\" alt=\"\" srcset=\"https:\/\/www.pokapok.org\/wp-content\/uploads\/2022\/05\/Capture-decran-de-2022-05-25-09-38-26.png 500w, https:\/\/www.pokapok.org\/wp-content\/uploads\/2022\/05\/Capture-decran-de-2022-05-25-09-38-26-300x78.png 300w\" sizes=\"(max-width: 500px) 100vw, 500px\" \/><\/a><\/figure>\n<p><!-- \/wp:image --><\/p>\n<\/figure>\n<p><!-- \/wp:gallery --><\/p>\n<\/div>\n<p><!-- \/wp:column --><\/p>\n<p><!-- wp:column --><\/p>\n<div class=\"wp-block-column\">\u00a0<\/div>\n<p><!-- \/wp:column --><\/p>\n<p><!-- wp:column --><\/p>\n<div class=\"wp-block-column\">\u00a0<\/div>\n<p><!-- \/wp:column --><\/p>\n<\/div>\n<p><!-- \/wp:columns --><\/p>\t\t\t\t\t\t\t\t<\/div>\n\t\t\t\t<\/div>\n\t\t\t\t\t<\/div>\n\t\t<\/div>\n\t\t\t\t\t<\/div>\n\t\t<\/section>\n\t\t\t\t<\/div>\n\t\t","protected":false},"excerpt":{"rendered":"<p>Le projet europ\u00e9en Copernicus Marine Service repr\u00e9sente le volet marin du programme d\u2019observation de la Terre de l\u2019Union Europ\u00e9enne (UE), COPERNICUS. Ce service, qui s\u2019appuie sur l\u2019expertise d\u2019un vaste r\u00e9seaux europ\u00e9en impliqu\u00e9 dans l\u2019oc\u00e9anographie op\u00e9rationnelle, se compose de deux centres de production: les centres de pr\u00e9visions maritimes (MFCs : Monitoring and Forecasting Centers) en charge &hellip; <\/p>\n<p class=\"link-more\"><a href=\"https:\/\/www.pokapok.org\/index.php\/projets\/\" class=\"more-link\">Lire la suite de<span class=\"screen-reader-text\">\u00ab\u00a0Nos projets\u00a0\u00bb<\/span><\/a><\/p>\n","protected":false},"author":1,"featured_media":301,"parent":0,"menu_order":0,"comment_status":"closed","ping_status":"closed","template":"","meta":{"footnotes":""},"class_list":["post-17","page","type-page","status-publish","has-post-thumbnail","hentry"],"_links":{"self":[{"href":"https:\/\/www.pokapok.org\/index.php\/wp-json\/wp\/v2\/pages\/17","targetHints":{"allow":["GET"]}}],"collection":[{"href":"https:\/\/www.pokapok.org\/index.php\/wp-json\/wp\/v2\/pages"}],"about":[{"href":"https:\/\/www.pokapok.org\/index.php\/wp-json\/wp\/v2\/types\/page"}],"author":[{"embeddable":true,"href":"https:\/\/www.pokapok.org\/index.php\/wp-json\/wp\/v2\/users\/1"}],"replies":[{"embeddable":true,"href":"https:\/\/www.pokapok.org\/index.php\/wp-json\/wp\/v2\/comments?post=17"}],"version-history":[{"count":95,"href":"https:\/\/www.pokapok.org\/index.php\/wp-json\/wp\/v2\/pages\/17\/revisions"}],"predecessor-version":[{"id":1656,"href":"https:\/\/www.pokapok.org\/index.php\/wp-json\/wp\/v2\/pages\/17\/revisions\/1656"}],"wp:featuredmedia":[{"embeddable":true,"href":"https:\/\/www.pokapok.org\/index.php\/wp-json\/wp\/v2\/media\/301"}],"wp:attachment":[{"href":"https:\/\/www.pokapok.org\/index.php\/wp-json\/wp\/v2\/media?parent=17"}],"curies":[{"name":"wp","href":"https:\/\/api.w.org\/{rel}","templated":true}]}}