{"id":185,"date":"2022-05-25T11:01:48","date_gmt":"2022-05-25T09:01:48","guid":{"rendered":"https:\/\/www.pokapok.org\/?page_id=185"},"modified":"2022-10-13T11:44:51","modified_gmt":"2022-10-13T09:44:51","slug":"social-and-environmental-responsibility","status":"publish","type":"page","link":"https:\/\/www.pokapok.org\/index.php\/en\/social-and-environmental-responsibility\/","title":{"rendered":"Corporate Social Responsibility"},"content":{"rendered":"\n<p class=\"has-text-align-center\">In French, the acronym RSE stands both for the drogue in skydiving activities &#8211; that small piece of tissue that allows everyone to discover this sport safely during a tandem jump &#8211; and for Corporate Social Responsibility (CSR) for companies. At POKaPOK, we are mostly interested in the second one, aren&rsquo;t we ?<\/p>\n\n\n\n<p class=\"has-text-align-center\">CSR represents our awareness of the possible impacts of our activities on the environment, and our willingness to take them into consideration when working on our projects, when making decisions and when building partnerships. It is also a way to put human well-being forward through a set of three main human values.&nbsp;&nbsp;<\/p>\n\n\n\n<p class=\"has-text-align-center\">Just click on the words in the diagram to discover more about POKaPOK\u2019s Corporate Social Responsibility below the diagram or by downloading our <a rel=\"noreferrer noopener\" href=\"https:\/\/www.pokapok.org\/wp-content\/uploads\/2022\/08\/RSEplaquette.pdf\" target=\"_blank\">flyer<\/a>.<\/p>\n\n\n\n<style>\n\t#hotspot-668 .hotspots-image-container,\n\t#hotspot-668 .leaflet-container {\n\t\tbackground: #f6f3f2\t}\n\n\t#hotspot-668 .hotspots-placeholder {\n\t\tbackground: #f6f3f2;\n\t\tborder: 0 #f6f3f2 solid;\n\t\tcolor: black;\n\t}\n\n\t#hotspot-668 .hotspot-title {\n\t\tcolor: #020101;\n\t}\n\n\t\t\t#hotspot-668 .hotspot-default {\n\t\t\tstroke-width: -1;\n\t\t\tfill: #ffffff;\n\t\t\tfill-opacity: 0;\n\t\t\tstroke: #ffffff;\n\t\t\tstroke-opacity: 0;\n\t\t}\n\t\t#hotspot-668 .hotspot-default:hover,\n\t\t#hotspot-668 .hotspot-default:focus,\n\t\t#hotspot-668 .hotspot-default.hotspot-active {\n\t\t\tfill: #3CA2A2;\n\t\t\tfill-opacity: 0.31;\n\t\t\tstroke: #235B6E;\n\t\t\tstroke-opacity: 0.01;\n\t\t}\n\t\t#hotspot-668 .leaflet-tooltip,\n\t#hotspot-668 .leaflet-rrose-content-wrapper {\n\t\tbackground: #f6f3f2;\n\t\tborder-color: #f6f3f2;\n\t\tcolor: #454545;\n\t}\n\n\t#hotspot-668 a.leaflet-rrose-close-button {\n\t\tcolor: #020101;\n\t}\n\n\t#hotspot-668 .leaflet-rrose-tip {\n\t\tbackground: #f6f3f2;\n\t}\n\n\t#hotspot-668 .leaflet-popup-scrolled {\n\t\tborder-bottom-color: #454545;\n\t\tborder-top-color: #454545;\n\t}\n\n\t#hotspot-668 .leaflet-tooltip-top:before {\n\t\tborder-top-color: #f6f3f2;\n\t}\n\n\t#hotspot-668 .leaflet-tooltip-bottom:before {\n\t\tborder-bottom-color: #f6f3f2;\n\t}\n\t#hotspot-668 .leaflet-tooltip-left:before {\n\t\tborder-left-color: #f6f3f2;\n\t}\n\t#hotspot-668 .leaflet-tooltip-right:before {\n\t\tborder-right-color: #f6f3f2;\n\t}\n<\/style>\n<div class=\"hotspots-container  layout-left event-click\" id=\"hotspot-668\" data-layout=\"left\" data-trigger=\"click\">\n\t\t<div class=\"hotspots-interaction\">\n\t\t\t\t<div class=\"hotspots-placeholder\" id=\"content-hotspot-668\">\n\t\t<div class=\"hotspot-initial\">\n\t\t\t\t\t\t\t\t\t<h2 class=\"hotspot-title\">\n\t\t\t\tOur CSR\t\t\t<\/h2>\n\t\t\t\t\t\t<div class=\"hotspot-content\">\n\t\t\t\t\t\t\t\t<p>Click on the diagram for more information<\/p>\n\t\t\t\t\t\t\t<\/div>\n\t\t<\/div>\n\t<\/div>\n<div class=\"hotspots-image-container\">\n\t<img fetchpriority=\"high\" decoding=\"async\" src=\"https:\/\/www.pokapok.org\/wp-content\/uploads\/2022\/08\/Diagramme_RSE_en.png\" alt=\"RSE\" class=\"hotspots-image skip-lazy\" usemap=\"#hotspots-image-668\" data-image-title=\"RSE\" data-image-description=\"Click on the different parts of the diagram for more information\" data-event-trigger=\"click\" data-always-visible=\"false\" data-id=\"668\" data-no-lazy=\"1\" data-lazy-src=\"\" data-lazy=\"false\" loading=\"eager\" data-skip-lazy=\"1\" width=\"597\" height=\"622\">\n<\/div>\t\t<\/div>\n\t\t<map name=\"hotspots-image-668\" class=\"hotspots-map\">\n\t\t\t\t\t\t\t\t\t\t\t<area shape=\"poly\" coords=\"248,207,254,191,263,172,274,155,288,138,302,155,311,170,321,188,328,208,332,227,335,246,334,269,312,263,291,260,265,261,240,268,241,246,243,225\" href=\"#hotspot-hotspot-668-0\" rel=\"\" title=\"SCOP\" alt=\"SCOP\" data-action=\"\" data-color-scheme=\"\" target=\"\" class=\"more-info-area\">\n\t\t\t\t\t\t\t\t\t\t\t<area shape=\"poly\" coords=\"119,413,121,397,126,378,134,359,143,343,153,328,167,312,181,298,200,285,219,275,239,268,238,256,239,243,242,223,247,204,253,189,262,174,270,162,288,139,275,126,255,113,231,101,207,92,180,89,151,89,122,94,97,104,75,116,56,130,40,145,25,165,13,188,5,210,1,234,1,255,2,276,6,298,12,315,21,334,30,350,42,367,58,381,75,394,93,404\" href=\"#hotspot-hotspot-668-1\" rel=\"\" title=\"POKaPOK values\" alt=\"POKaPOK values\" data-action=\"\" data-color-scheme=\"\" target=\"\" class=\"more-info-area\">\n\t\t\t\t\t\t\t\t\t\t\t<area shape=\"poly\" coords=\"285,372,310,395,340,411,381,423,423,424,455,416,452,455,440,496,421,526,397,553,365,576,329,589,292,594,256,592,218,580,185,561,155,532,135,500,121,461,121,414,156,421,189,419,217,413,255,396\" href=\"#hotspot-hotspot-668-2\" rel=\"\" title=\"Environmental footprint management\" alt=\"Environmental footprint management\" data-action=\"\" data-color-scheme=\"\" target=\"\" class=\"more-info-area\">\n\t\t\t\t\t\t\t\t\t\t\t<area shape=\"poly\" coords=\"289,140,305,158,315,175,324,192,329,210,334,228,336,250,335,269,356,275,377,286,395,300,411,315,425,332,437,351,445,370,451,392,455,417,470,410,484,404,501,394,515,383,529,370,541,356,551,340,559,324,565,308,570,290,573,275,573,259,573,244,571,227,567,212,562,197,555,177,541,160,528,144,515,130,499,118,483,109,464,101,445,95,426,91,409,90,387,92,371,94,355,98,339,104,325,111,312,120,301,129\" href=\"#hotspot-hotspot-668-3\" rel=\"\" title=\"Profit-sharing\" alt=\"Profit-sharing\" data-action=\"\" data-color-scheme=\"\" target=\"\" class=\"more-info-area\">\n\t\t\t\t\t\t\t\t\t\t\t<area shape=\"poly\" coords=\"286,373,301,356,311,341,319,327,326,310,331,289,335,269,357,277,376,287,391,297,406,311,420,325,430,344,439,360,446,378,452,398,455,417,435,421,417,424,396,424,377,422,356,416,337,408,316,398,301,386\" href=\"#hotspot-hotspot-668-4\" rel=\"\" title=\"Local partners\" alt=\"Local partners\" data-action=\"\" data-color-scheme=\"\" target=\"\" class=\"more-info-area\">\n\t\t\t\t\t\t\t\t\t\t\t<area shape=\"poly\" coords=\"120,413,142,419,166,421,189,420,215,414,235,406,253,398,270,386,285,374,272,357,260,341,252,325,245,306,240,287,238,269,223,274,207,281,194,288,179,300,165,313,152,329,141,344,133,362,127,380,123,394\" href=\"#hotspot-hotspot-668-5\" rel=\"\" title=\"Customized working conditions\" alt=\"Customized working conditions\" data-action=\"\" data-color-scheme=\"\" target=\"\" class=\"more-info-area\">\n\t\t\t\t\t<\/map>\n\n\t\t\n\t\t\t\t\t\n\t\t\t\t\t\t<div class=\"hotspot-info \" id=\"hotspot-hotspot-668-0\">\n\t\t\t\t\n\t\t\t\t<h2 class=\"hotspot-title\">SCOP<\/h2>\t\t\t\t\t\t\t\t<div class=\"hotspot-content\">\n\t\t\t\t\t<p><span>Since the beginning, POKAPOK stands that team building is a key to success. Therefore, POKAPOK is designed as a cooperative and participative society (<a href=\"https:\/\/www.les-scop.coop\/interface-pedagogique\/\" target=\"_blank\" rel=\"noopener\">SCOP<\/a><\/span><span>) meaning that every employee is intended to become an associate. Associates participate in the general assembly and vote decisions and actions related to the future of the society. They fully take part in the society\u2019s guidance and strategy. \n<\/span><\/p>\n\t\t\t\t<\/div>\n\t\t\t<\/div>\n\t\t\t\t\t\n\t\t\t\t\t\t<div class=\"hotspot-info \" id=\"hotspot-hotspot-668-1\">\n\t\t\t\t\n\t\t\t\t<h2 class=\"hotspot-title\">POKaPOK values<\/h2>\t\t\t\t\t\t\t\t<div class=\"hotspot-content\">\n\t\t\t\t\t<p><span>POKAPOK will also guarantee equal opportunities and will promote diversity for upcoming recruitments. After joining the team, POKaPOK wants to emphasize good human relationships and behaviors. An <a href=\"https:\/\/www.pokapok.org\/wp-content\/uploads\/2022\/10\/chartePOKaPOK_082022.pdf\" target=\"_blank\" rel=\"noopener\">ethical charter<\/a><\/span><span> highlights our main three core values : <strong>kindness, collaboration and constructive approach<\/strong><span>. In our opinion,  being kind, constructive and open to collaborate with colleagues and partners will favor good communication both inside and outside the team and will guarantee fruitful exchanges.<\/span><\/span><\/p>\n\t\t\t\t<\/div>\n\t\t\t<\/div>\n\t\t\t\t\t\n\t\t\t\t\t\t<div class=\"hotspot-info \" id=\"hotspot-hotspot-668-2\">\n\t\t\t\t\n\t\t\t\t<h2 class=\"hotspot-title\">Environmental footprint management<\/h2>\t\t\t\t\t\t\t\t<div class=\"hotspot-content\">\n\t\t\t\t\t<p><span>Allowing teleworking is only one of the solutions to reduce daily travel that has been put in place at POKaPOK in order to  <\/span><strong>reduce our environmental footprint<\/strong><span>. Indeed, POKaPOK tries to manage all necessary resources in a clever way. Thus, we always try to reduce our energy consumption, our printings, and our business travels. <br>\nAs our main work and projects are strongly related to environnemental questions, our employees are well aware of the challenges of our time and both are in favor of and support all environmentally friendly actions.<br>\nAt last, we want our products to be FAIR : Findable, Accessible, Interoperable and Re-usable.\n <\/span>\n\t\t\t\t<\/p><\/div>\n\t\t\t<\/div>\n\t\t\t\t\t\n\t\t\t\t\t\t<div class=\"hotspot-info \" id=\"hotspot-hotspot-668-3\">\n\t\t\t\t\n\t\t\t\t<h2 class=\"hotspot-title\">Profit-sharing<\/h2>\t\t\t\t\t\t\t\t<div class=\"hotspot-content\">\n\t\t\t\t\t<p><span>Profits made by POKaPOK are partly shared with employees and partly added to the society\u2019s legal reserve. Details are described in a profit-sharing agreement which is available on the labour department website. This agreement  ensures that employees will be given at least 25 % of the profits and also that at least 15% of the profits will be added to the society\u2019s legal reserve. \n <\/span><\/p>\n\t\t\t\t<\/div>\n\t\t\t<\/div>\n\t\t\t\t\t\n\t\t\t\t\t\t<div class=\"hotspot-info \" id=\"hotspot-hotspot-668-4\">\n\t\t\t\t\n\t\t\t\t<h2 class=\"hotspot-title\">Local partners\n<\/h2>\t\t\t\t\t\t\t\t<div class=\"hotspot-content\">\n\t\t\t\t\t<p><span>POKaPOK is located in a business incubator and is part of a rich and dynamic local economic network. POKaPOK is a member of the <a href=\"https:\/\/www.tech-brest-iroise.fr\/\" target=\"_blank\" rel=\"noopener\">Technop\u00f4le Brest Iroise<\/a> and the <a href=\"https:\/\/www.pole-mer-bretagne-atlantique.com\/en\/\" target=\"_blank\" rel=\"noopener\">P\u00f4le Mer Bretagne Atlantique<\/a>, <\/span><span>two britany actors playing a crucial role in the promotion and export of local know-how. We are also very close to IFREMER (Institut Fran\u00e7ais de Recherche pour l\u2019Exploitation de la MER), the European Institute for Marine Studies (IUEM, Institut Universitaire Europ\u00e9en de la Mer) and the IMT-Atlantique (Institut Mines-T\u00e9l\u00e9com). Thus, we can benefit from the international outreach of those two neighbors and POKaPOK is therefore implied in many different European projects.  \n <\/span><\/p>\n\t\t\t\t<\/div>\n\t\t\t<\/div>\n\t\t\t\t\t\n\t\t\t\t\t\t<div class=\"hotspot-info \" id=\"hotspot-hotspot-668-5\">\n\t\t\t\t\n\t\t\t\t<h2 class=\"hotspot-title\">Customized working conditions\n<\/h2>\t\t\t\t\t\t\t\t<div class=\"hotspot-content\">\n\t\t\t\t\t<p><span>POKaPOK allows customized working conditions. Personal constraints and expectations are taken into account to find a suitable solution involving teleworking, flexible hours, part-time work, <a href=\"https:\/\/www.legifrance.gouv.fr\/acco\/id\/ACCOTEXT000045474600?init=true&amp;page=1&amp;query=T02922006291&amp;searchField=ALL&amp;tab_selection=all=\" target=\"_blank\" rel=\"noopener\">extra days off.<\/a>\n\t\t\t\t<\/span><\/p><\/div>\n\t\t\t<\/div>\n\t\t\t<\/div>\n<link rel=\"stylesheet\" id=\"drawattention-plugin-styles-css\" href=\"https:\/\/www.pokapok.org\/wp-content\/plugins\/draw-attention\/public\/assets\/css\/public.css?ver=1.9.33\" media=\"all\">\n<script src=\"https:\/\/www.pokapok.org\/wp-content\/plugins\/draw-attention\/public\/assets\/js\/leaflet.js?ver=1.5.1\" id=\"drawattention-leaflet-js\"><\/script>\n<script src=\"https:\/\/www.pokapok.org\/wp-content\/plugins\/draw-attention\/public\/assets\/js\/leaflet.responsive.popup-min.js?ver=0.6.4\" id=\"drawattention-leaflet-responsive-popup-js\"><\/script>\n<script id=\"drawattention-plugin-script-js-extra\">\nvar drawattentionData = {\"isLoggedIn\":\"1\",\"closeLabel\":\"Close\",\"isAdmin\":\"1\"};\n<\/script>\n<script src=\"https:\/\/www.pokapok.org\/wp-content\/plugins\/draw-attention\/public\/assets\/js\/public.js?ver=1.9.33\" id=\"drawattention-plugin-script-js\"><\/script>\n","protected":false},"excerpt":{"rendered":"<p>In French, the acronym RSE stands both for the drogue in skydiving activities &#8211; that small piece of tissue that allows everyone to discover this sport safely during a tandem jump &#8211; and for Corporate Social Responsibility (CSR) for companies. At POKaPOK, we are mostly interested in the second one, aren&rsquo;t we ? CSR represents &hellip; <\/p>\n<p class=\"link-more\"><a href=\"https:\/\/www.pokapok.org\/index.php\/en\/social-and-environmental-responsibility\/\" class=\"more-link\">Lire la suite de<span class=\"screen-reader-text\">\u00ab\u00a0Corporate Social Responsibility\u00a0\u00bb<\/span><\/a><\/p>\n","protected":false},"author":1,"featured_media":791,"parent":0,"menu_order":0,"comment_status":"closed","ping_status":"closed","template":"","meta":{"footnotes":""},"class_list":["post-185","page","type-page","status-publish","has-post-thumbnail","hentry"],"_links":{"self":[{"href":"https:\/\/www.pokapok.org\/index.php\/wp-json\/wp\/v2\/pages\/185","targetHints":{"allow":["GET"]}}],"collection":[{"href":"https:\/\/www.pokapok.org\/index.php\/wp-json\/wp\/v2\/pages"}],"about":[{"href":"https:\/\/www.pokapok.org\/index.php\/wp-json\/wp\/v2\/types\/page"}],"author":[{"embeddable":true,"href":"https:\/\/www.pokapok.org\/index.php\/wp-json\/wp\/v2\/users\/1"}],"replies":[{"embeddable":true,"href":"https:\/\/www.pokapok.org\/index.php\/wp-json\/wp\/v2\/comments?post=185"}],"version-history":[{"count":40,"href":"https:\/\/www.pokapok.org\/index.php\/wp-json\/wp\/v2\/pages\/185\/revisions"}],"predecessor-version":[{"id":1170,"href":"https:\/\/www.pokapok.org\/index.php\/wp-json\/wp\/v2\/pages\/185\/revisions\/1170"}],"wp:featuredmedia":[{"embeddable":true,"href":"https:\/\/www.pokapok.org\/index.php\/wp-json\/wp\/v2\/media\/791"}],"wp:attachment":[{"href":"https:\/\/www.pokapok.org\/index.php\/wp-json\/wp\/v2\/media?parent=185"}],"curies":[{"name":"wp","href":"https:\/\/api.w.org\/{rel}","templated":true}]}}