{"id":3,"date":"2022-05-16T13:46:39","date_gmt":"2022-05-16T11:46:39","guid":{"rendered":"https:\/\/www.pokapok.org\/?page_id=3"},"modified":"2022-10-13T11:59:58","modified_gmt":"2022-10-13T09:59:58","slug":"politique-de-confidentialite","status":"publish","type":"page","link":"https:\/\/www.pokapok.org\/index.php\/politique-de-confidentialite\/","title":{"rendered":"Donn\u00e9es personnelles"},"content":{"rendered":"\n<h2 class=\"wp-block-heading\">Donn\u00e9es personnelles&nbsp;<\/h2>\n\n\n\n<p>Ce site n\u2019est pas un site marchand.<\/p>\n\n\n\n<p>A l\u2019occasion de l\u2019utilisation du site www.pokapok.org , peuvent \u00eatre collect\u00e9es :<\/p>\n\n\n\n<ul class=\"wp-block-list\"><li>L\u2019identit\u00e9 de la personne prenant contact avec l\u2019\u00e9quipe de Pokapok via le formulaire de contact ainsi que toutes autres informations transmises dans le dit formulaire.&nbsp;<\/li><\/ul>\n\n\n\n<p class=\"text_justifie\"><strong>R\u00e9f\u00e9rent \u00e0 la protection des donn\u00e9es<\/strong> : Pour toute demande relative \u00e0 la protection des donn\u00e9es personnelles, contacter le r\u00e9f\u00e9rent via le <a href=\"https:\/\/www.pokapok.org\/index.php\/nous-contacter\/\" data-type=\"page\" data-id=\"19\">formulaire de contact <\/a>et l\u2019objet \u201cdonn\u00e9es personnelles\u201d.<\/p>\n\n\n\n<p><strong>Destinataires des donn\u00e9es et finalit\u00e9s du traitement <\/strong>: Ces donn\u00e9es sont destin\u00e9es aux salari\u00e9s de Pokapok et \u00e0 son g\u00e9rant afin de r\u00e9pondre aux demandes de contact.<\/p>\n\n\n\n<p><strong>Dur\u00e9e de conservation : <\/strong>Les donn\u00e9es sont conserv\u00e9es pendant toute la dur\u00e9e de la relation \u00e9tablie avec vous et le cas \u00e9ch\u00e9ant pendant un maximum de trois ann\u00e9es \u00e0 partir de leur obtention.<\/p>\n\n\n\n<p><strong>Base l\u00e9gale \u00e0 caract\u00e8re obligatoire ou facultatif: <\/strong>Pokapok a toute l\u00e9gitimit\u00e9 \u00e0 r\u00e9pondre \u00e0 la demande de la personne \u00e0 l\u2019origine du contact. Tout litige en relation avec l&rsquo;utilisation du site www.pokapok.org (propri\u00e9t\u00e9 intellectuelle, droit d\u2019usage, gestion des donn\u00e9es personnelles) est soumis au droit fran\u00e7ais.&nbsp;<\/p>\n\n\n\n<p><strong>Droits de l\u2019utilisateur : <\/strong>Tout utilisateur dispose d\u2019un droit d\u2019acc\u00e8s, de rectification, d\u2019opposition et de suppression aux donn\u00e9es personnelles le concernant, en effectuant sa demande aupr\u00e8s du r\u00e9f\u00e9rent \u00e0 la protection des donn\u00e9es, via le <a href=\"https:\/\/www.pokapok.org\/index.php\/nous-contacter\/\">formulaire de contact<\/a> et en s\u00e9lectionnant l\u2019objet \u201cdonn\u00e9es personnelles\u201d.<\/p>\n\n\n\n<p>Tout utilisateur qui estime, apr\u00e8s avoir contact\u00e9 Pokapok, que ses droits sur ces donn\u00e9es personnelles ne sont pas respect\u00e9s, peut adresser une r\u00e9clamation aupr\u00e8s de la <a rel=\"noreferrer noopener\" href=\"https:\/\/www.cnil.fr\/\" target=\"_blank\">CNIL<\/a>.\u00a0<\/p>\n\n\n\n<h2 class=\"wp-block-heading\">Cookies<\/h2>\n\n\n\n<p>Ce site n\u2019utilise pas de cookies<\/p>\n","protected":false},"excerpt":{"rendered":"<p>Donn\u00e9es personnelles&nbsp; Ce site n\u2019est pas un site marchand. A l\u2019occasion de l\u2019utilisation du site www.pokapok.org , peuvent \u00eatre collect\u00e9es : L\u2019identit\u00e9 de la personne prenant contact avec l\u2019\u00e9quipe de Pokapok via le formulaire de contact ainsi que toutes autres informations transmises dans le dit formulaire.&nbsp; R\u00e9f\u00e9rent \u00e0 la protection des donn\u00e9es : Pour toute &hellip; <\/p>\n<p class=\"link-more\"><a href=\"https:\/\/www.pokapok.org\/index.php\/politique-de-confidentialite\/\" class=\"more-link\">Lire la suite de<span class=\"screen-reader-text\">\u00ab\u00a0Donn\u00e9es personnelles\u00a0\u00bb<\/span><\/a><\/p>\n","protected":false},"author":5,"featured_media":0,"parent":0,"menu_order":0,"comment_status":"closed","ping_status":"closed","template":"","meta":{"footnotes":""},"class_list":["post-3","page","type-page","status-publish","hentry"],"_links":{"self":[{"href":"https:\/\/www.pokapok.org\/index.php\/wp-json\/wp\/v2\/pages\/3","targetHints":{"allow":["GET"]}}],"collection":[{"href":"https:\/\/www.pokapok.org\/index.php\/wp-json\/wp\/v2\/pages"}],"about":[{"href":"https:\/\/www.pokapok.org\/index.php\/wp-json\/wp\/v2\/types\/page"}],"author":[{"embeddable":true,"href":"https:\/\/www.pokapok.org\/index.php\/wp-json\/wp\/v2\/users\/5"}],"replies":[{"embeddable":true,"href":"https:\/\/www.pokapok.org\/index.php\/wp-json\/wp\/v2\/comments?post=3"}],"version-history":[{"count":9,"href":"https:\/\/www.pokapok.org\/index.php\/wp-json\/wp\/v2\/pages\/3\/revisions"}],"predecessor-version":[{"id":1173,"href":"https:\/\/www.pokapok.org\/index.php\/wp-json\/wp\/v2\/pages\/3\/revisions\/1173"}],"wp:attachment":[{"href":"https:\/\/www.pokapok.org\/index.php\/wp-json\/wp\/v2\/media?parent=3"}],"curies":[{"name":"wp","href":"https:\/\/api.w.org\/{rel}","templated":true}]}}