{"id":328,"date":"2022-07-11T11:23:31","date_gmt":"2022-07-11T09:23:31","guid":{"rendered":"https:\/\/www.pokapok.org\/?page_id=328"},"modified":"2022-10-13T12:04:59","modified_gmt":"2022-10-13T10:04:59","slug":"mentions-legales","status":"publish","type":"page","link":"https:\/\/www.pokapok.org\/index.php\/mentions-legales\/","title":{"rendered":"Mentions l\u00e9gales"},"content":{"rendered":"\n<p><strong>Propri\u00e9taire, h\u00e9bergeur et responsable de traitement<\/strong><\/p>\n\n\n\n<p>POKAPOK, Scop ARL \u00e0 capital variable &#8211; 115 rue Claude Chappe, 29280 Plouzan\u00e9, FRANCE<\/p>\n\n\n\n<p><strong>T\u00e9l\u00e9phone<\/strong> :&nbsp; +33 (0)9 70 75 23 17&nbsp;<\/p>\n\n\n\n<p><strong>Contact<\/strong> : gerance @ pokapok.org<\/p>\n\n\n\n<p><strong>SIREN<\/strong> : 902 896 596 (R.C.S. Brest)<\/p>\n\n\n\n<p><strong>TVA immatriculation<\/strong> : FR11902896596<\/p>\n\n\n\n<p><strong>Directeur de publication<\/strong> : Delphine Leroy<\/p>\n","protected":false},"excerpt":{"rendered":"<p>Propri\u00e9taire, h\u00e9bergeur et responsable de traitement POKAPOK, Scop ARL \u00e0 capital variable &#8211; 115 rue Claude Chappe, 29280 Plouzan\u00e9, FRANCE T\u00e9l\u00e9phone :&nbsp; +33 (0)9 70 75 23 17&nbsp; Contact : gerance @ pokapok.org SIREN : 902 896 596 (R.C.S. Brest) TVA immatriculation : FR11902896596 Directeur de publication : Delphine Leroy<\/p>\n","protected":false},"author":1,"featured_media":0,"parent":0,"menu_order":0,"comment_status":"closed","ping_status":"closed","template":"","meta":{"footnotes":""},"class_list":["post-328","page","type-page","status-publish","hentry"],"_links":{"self":[{"href":"https:\/\/www.pokapok.org\/index.php\/wp-json\/wp\/v2\/pages\/328","targetHints":{"allow":["GET"]}}],"collection":[{"href":"https:\/\/www.pokapok.org\/index.php\/wp-json\/wp\/v2\/pages"}],"about":[{"href":"https:\/\/www.pokapok.org\/index.php\/wp-json\/wp\/v2\/types\/page"}],"author":[{"embeddable":true,"href":"https:\/\/www.pokapok.org\/index.php\/wp-json\/wp\/v2\/users\/1"}],"replies":[{"embeddable":true,"href":"https:\/\/www.pokapok.org\/index.php\/wp-json\/wp\/v2\/comments?post=328"}],"version-history":[{"count":3,"href":"https:\/\/www.pokapok.org\/index.php\/wp-json\/wp\/v2\/pages\/328\/revisions"}],"predecessor-version":[{"id":1176,"href":"https:\/\/www.pokapok.org\/index.php\/wp-json\/wp\/v2\/pages\/328\/revisions\/1176"}],"wp:attachment":[{"href":"https:\/\/www.pokapok.org\/index.php\/wp-json\/wp\/v2\/media?parent=328"}],"curies":[{"name":"wp","href":"https:\/\/api.w.org\/{rel}","templated":true}]}}