{"id":8,"date":"2022-05-16T13:51:33","date_gmt":"2022-05-16T11:51:33","guid":{"rendered":"https:\/\/www.pokapok.org\/?page_id=8"},"modified":"2022-08-17T10:51:14","modified_gmt":"2022-08-17T08:51:14","slug":"pokapok","status":"publish","type":"page","link":"https:\/\/www.pokapok.org\/","title":{"rendered":"POKaPOK"},"content":{"rendered":"\n<p class=\"texte_justifie\">POKaPOK est une soci\u00e9t\u00e9 coop\u00e9rative et participative (<a href=\"https:\/\/www.les-scop.coop\/interface-pedagogique\/\" target=\"_blank\" rel=\"noreferrer noopener\">SCOP<\/a>), <a href=\"https:\/\/www.pokapok.org\/index.php\/savoir-faire\/\" data-type=\"page\" data-id=\"15\">experte<\/a> dans le traitement et l\u2019analyse de donn\u00e9es environnementales. Notre <a href=\"https:\/\/www.pokapok.org\/index.php\/notre-equipe\/\" data-type=\"page\" data-id=\"13\">\u00e9quipe<\/a> pluridisciplinaire est compos\u00e9e entre autres d\u2019informaticiens, de physiciens, de chimistes, et de biologistes, sp\u00e9cialistes dans les sciences marines et de l\u2019atmosph\u00e8re.&nbsp;&nbsp;<\/p>\n\n\n\n<p class=\"texte_justifie\"><br>POKaPOK, ce savant m\u00e9lange de sonorit\u00e9s catalanes et bretonnes, traduit notre volont\u00e9 de s\u2019attaquer \u00e0 de grands <a href=\"https:\/\/www.pokapok.org\/index.php\/projets\/\" data-type=\"page\" data-id=\"17\">projets<\/a> mais pas \u00e0 pas, en commen\u00e7ant par la construction de bases solides pour r\u00e9pondre ensuite \u00e0 des enjeux majeurs de notre \u00e9poque. Un petit pas pour POKaPOK, un petit pas pour les sciences environnementales !<\/p>\n","protected":false},"excerpt":{"rendered":"<p>POKaPOK est une soci\u00e9t\u00e9 coop\u00e9rative et participative (SCOP), experte dans le traitement et l\u2019analyse de donn\u00e9es environnementales. Notre \u00e9quipe pluridisciplinaire est compos\u00e9e entre autres d\u2019informaticiens, de physiciens, de chimistes, et de biologistes, sp\u00e9cialistes dans les sciences marines et de l\u2019atmosph\u00e8re.&nbsp;&nbsp; POKaPOK, ce savant m\u00e9lange de sonorit\u00e9s catalanes et bretonnes, traduit notre volont\u00e9 de s\u2019attaquer \u00e0 &hellip; <\/p>\n<p class=\"link-more\"><a href=\"https:\/\/www.pokapok.org\/\" class=\"more-link\">Lire la suite de<span class=\"screen-reader-text\">\u00ab\u00a0POKaPOK\u00a0\u00bb<\/span><\/a><\/p>\n","protected":false},"author":1,"featured_media":0,"parent":0,"menu_order":0,"comment_status":"closed","ping_status":"closed","template":"","meta":{"footnotes":""},"class_list":["post-8","page","type-page","status-publish","hentry"],"_links":{"self":[{"href":"https:\/\/www.pokapok.org\/index.php\/wp-json\/wp\/v2\/pages\/8","targetHints":{"allow":["GET"]}}],"collection":[{"href":"https:\/\/www.pokapok.org\/index.php\/wp-json\/wp\/v2\/pages"}],"about":[{"href":"https:\/\/www.pokapok.org\/index.php\/wp-json\/wp\/v2\/types\/page"}],"author":[{"embeddable":true,"href":"https:\/\/www.pokapok.org\/index.php\/wp-json\/wp\/v2\/users\/1"}],"replies":[{"embeddable":true,"href":"https:\/\/www.pokapok.org\/index.php\/wp-json\/wp\/v2\/comments?post=8"}],"version-history":[{"count":9,"href":"https:\/\/www.pokapok.org\/index.php\/wp-json\/wp\/v2\/pages\/8\/revisions"}],"predecessor-version":[{"id":717,"href":"https:\/\/www.pokapok.org\/index.php\/wp-json\/wp\/v2\/pages\/8\/revisions\/717"}],"wp:attachment":[{"href":"https:\/\/www.pokapok.org\/index.php\/wp-json\/wp\/v2\/media?parent=8"}],"curies":[{"name":"wp","href":"https:\/\/api.w.org\/{rel}","templated":true}]}}